{"id":34,"date":"2022-05-19T11:27:45","date_gmt":"2022-05-19T09:27:45","guid":{"rendered":"https:\/\/getrennt-verbunden.com\/?page_id=34"},"modified":"2022-08-12T12:50:41","modified_gmt":"2022-08-12T10:50:41","slug":"die-geschichte","status":"publish","type":"page","link":"https:\/\/getrennt-verbunden.com\/index.php\/die-geschichte\/","title":{"rendered":"Die Geschichte"},"content":{"rendered":"\n<p><\/p>\n\n\n\n<p>Telefonate die 2 Stunden oder l\u00e4nger dauerten, zahlreiche Liebesbekundungen, \u00fcber 300 Whatsapp Nachrichten allein an einem Tag und das w\u00e4hrend praktisch 24 Stunden am Tag bis tief in die Nacht und gleich beim Aufwachen wieder weiter.<\/p>\n\n\n\n<p>Wie kann etwas das so st\u00fcrmisch begann, das so leidenschaftlich, emotional und voller Gef\u00fchle war zu Ende gehen?<\/p>\n\n\n\n<p>In diesem Kapitel beschreibe ich die Geschichte die dazu gef\u00fchrt hat, dass ich jetzt diesen Blog schreibe. Die Geschichte unserer Beziehung, unserer Liebe, unserer Familie und leider auch die Geschichte \u00fcber den Untergang von all dem. Die Geschichte \u00fcber unsere Entt\u00e4uschungen, unserer Trauer, unseren unerf\u00fcllten W\u00fcnschen und Bed\u00fcrfnisse.<\/p>\n\n\n\n<p>Dieses Kapitel soll nicht nur helfen die Ursachen herauszufinden warum eine Partnerschaft die so begann dazu verurteilt war zu scheitern, sondern auch anderen Paaren und Familien helfen genau das zu verhindern indem sie rechtzeitig erkennen was die wahren Probleme sind um sie dann noch rechtzeitig l\u00f6sen zu k\u00f6nnen.<\/p>\n","protected":false},"excerpt":{"rendered":"<p>Telefonate die 2 Stunden oder l\u00e4nger dauerten, zahlreiche Liebesbekundungen, \u00fcber 300 Whatsapp Nachrichten allein an einem Tag und das w\u00e4hrend praktisch 24 Stunden am Tag bis tief in die Nacht und gleich beim Aufwachen wieder weiter. Wie kann etwas das so st\u00fcrmisch begann, das so leidenschaftlich, emotional und voller Gef\u00fchle war zu Ende gehen? In diesem Kapitel beschreibe ich die Geschichte die dazu gef\u00fchrt hat, dass ich jetzt diesen Blog schreibe. Die Geschichte unserer Beziehung, unserer Liebe, unserer Familie und leider auch die Geschichte \u00fcber den Untergang von all dem. Die Geschichte \u00fcber unsere Entt\u00e4uschungen, unserer Trauer, unseren unerf\u00fcllten W\u00fcnschen und Bed\u00fcrfnisse. Dieses Kapitel soll nicht nur helfen die Ursachen herauszufinden warum eine Partnerschaft die so begann dazu verurteilt war zu scheitern, sondern auch anderen Paaren und Familien helfen genau das zu verhindern indem sie rechtzeitig erkennen was die wahren Probleme sind um sie dann noch rechtzeitig l\u00f6sen zu k\u00f6nnen.<\/p>\n","protected":false},"author":1,"featured_media":0,"parent":0,"menu_order":0,"comment_status":"closed","ping_status":"closed","template":"","meta":{"footnotes":""},"class_list":["post-34","page","type-page","status-publish","hentry"],"_links":{"self":[{"href":"https:\/\/getrennt-verbunden.com\/index.php\/wp-json\/wp\/v2\/pages\/34","targetHints":{"allow":["GET"]}}],"collection":[{"href":"https:\/\/getrennt-verbunden.com\/index.php\/wp-json\/wp\/v2\/pages"}],"about":[{"href":"https:\/\/getrennt-verbunden.com\/index.php\/wp-json\/wp\/v2\/types\/page"}],"author":[{"embeddable":true,"href":"https:\/\/getrennt-verbunden.com\/index.php\/wp-json\/wp\/v2\/users\/1"}],"replies":[{"embeddable":true,"href":"https:\/\/getrennt-verbunden.com\/index.php\/wp-json\/wp\/v2\/comments?post=34"}],"version-history":[{"count":12,"href":"https:\/\/getrennt-verbunden.com\/index.php\/wp-json\/wp\/v2\/pages\/34\/revisions"}],"predecessor-version":[{"id":63,"href":"https:\/\/getrennt-verbunden.com\/index.php\/wp-json\/wp\/v2\/pages\/34\/revisions\/63"}],"wp:attachment":[{"href":"https:\/\/getrennt-verbunden.com\/index.php\/wp-json\/wp\/v2\/media?parent=34"}],"curies":[{"name":"wp","href":"https:\/\/api.w.org\/{rel}","templated":true}]}}