{"id":2,"date":"2022-05-18T10:32:19","date_gmt":"2022-05-18T08:32:19","guid":{"rendered":"https:\/\/getrennt-verbunden.com\/?page_id=2"},"modified":"2022-08-12T12:48:45","modified_gmt":"2022-08-12T10:48:45","slug":"beispiel-seite","status":"publish","type":"page","link":"https:\/\/getrennt-verbunden.com\/","title":{"rendered":"Das Warum"},"content":{"rendered":"\n<blockquote class=\"wp-block-quote is-layout-flow wp-block-quote-is-layout-flow\"><p><\/p><\/blockquote>\n\n\n\n<p>Nach \u00fcber 9 Jahren Beziehung, 7 Jahren Ehe, 2 gemeinsamen Kindern und einer Tochter aus ihrer ersten Ehe, die f\u00fcr mich wie mein eigenes Kind ist, hatte Brigitte also \u00fcber Whatsapp mit mir Schluss gemacht. Sie hatte mir also ihren Entschluss mitgeteilt, dass sie alles beenden wolle.<\/p>\n\n\n\n<p>Und ich wusste, sie w\u00fcrde es auch tun.<\/p>\n\n\n\n<p>Gewiss traf es mich wie ein Blitz, doch es kam jedoch nicht ganz \u00fcberraschend. Doch auch wenn es nicht ganz \u00fcberraschend kam, so zog mir diese Nachricht den Boden unter den F\u00fcssen weg. Dass es einfach nur \u00fcber Whatsapp war, machte es noch unertr\u00e4glicher. 7 Jahre Ehe mit einer Whatsapp-Nachricht beendet. Kann es noch schlimmer kommen? Ja, das w\u00fcrde es. Doch alles der Reihe nach.<\/p>\n\n\n\n<p>Da stand ich nun. Die Liebe meines Lebens liebte mich nicht mehr. Die Liebe meines Lebens wird mich verlassen.<\/p>\n\n\n\n<p>Tausend Fragen schossen durch meinen Kopf.<\/p>\n\n\n\n<p>Die wichtigsten \u00fcberhaupt: &#8222;Was wird mit den Kindern?&#8220; und &#8222;Wie kann ich Brigitte zur\u00fcckgewinnen?&#8220;<\/p>\n\n\n\n<p>Ich hatte keine Ahnung wie es weitergehen sollte und keinen Plan was ich machen k\u00f6nnte.<\/p>\n\n\n\n<p>Panik breitete sich aus.<\/p>\n\n\n\n<p>Verzweifelt versuchte ich Brigitte noch umzustimmen und schrieb ihr eine Nachricht, dass ich sie nicht verlieren m\u00f6chte und bat um noch eine Chance. Doch ich wusste, wenn Brigitte sich bis etwas in den Kopf gesetzt hat, dann gibt es kein Zur\u00fcck mehr.<\/p>\n\n\n\n<p>Ich stand also da und wusste nicht weiter.<\/p>\n\n\n\n<p>Genauso wenig wusste ich an wen ich mich wenden k\u00f6nnte. Nicht dass ich niemanden h\u00e4tte den ich kontaktieren konnte, doch ich wusste ganz klar, dass sowohl meine Familie wie auch meine Freunde mir eher das sagen w\u00fcrden, was ich h\u00f6ren wollte und nicht unbedingt das was ich h\u00f6ren sollte. Und so suchte ich das Internet ab um Informationen zu finden und mir Ratschl\u00e4ge zu holen was ich tun k\u00f6nnte. Bei der Suche fand ich viele Informationen, jedoch nicht unbedingt die, die mir in meiner Situation weiterhalfen. Und so funktionierte ich die n\u00e4chsten Wochen irgendwie nur so ohne genau zu wissen was ich tun sollte und wohin der Weg mich, wohin er uns f\u00fchren sollte.<\/p>\n\n\n\n<p>Diesen Blog schreibe ich um anderen Menschen, die in der gleichen oder einer \u00e4hnlichen Situation sind wie ich um ihnen zur Seite zu stehen, Inspirationen zu geben oder einfach nur Tipps auszutauschen um uns gegenseitig zu unterst\u00fctzen.<\/p>\n\n\n\n<p>Es ist mein erster Blog, den ich noch zudem komplett in Eigenregie umsetze. Daher wirkt er noch sehr amateurhaft und wird sich mit der Zeit (hoffentlich) weiterentwickeln.<\/p>\n\n\n\n<p>In K\u00fcrze wird der Blog wachsen und ich werde erste Beitr\u00e4ge schreiben.<\/p>\n\n\n\n<p>Ich bitte euch um Geduld und w\u00fcrde mich freuen wenn ihr regelm\u00e4\u00dfig vorbeischauen w\u00fcrdet. Genauso w\u00fcrde ich mich freuen, wenn ihr eure Meinung, Tipps, Anregungen, Ideen oder sonst welche positiven Beitr\u00e4ge in die Kommentare schreiben w\u00fcrdet. Das setzt nat\u00fcrlich voraus, dass die Kommentarseite demn\u00e4chst vorhanden sein wird \ud83d\ude0a<\/p>\n\n\n\n<p>Liebe Gr\u00fc\u00dfe,<\/p>\n\n\n\n<p>euer Gerhard<\/p>\n","protected":false},"excerpt":{"rendered":"<p>Nach \u00fcber 9 Jahren Beziehung, 7 Jahren Ehe, 2 gemeinsamen Kindern und einer Tochter aus ihrer ersten Ehe, die f\u00fcr mich wie mein eigenes Kind ist, hatte Brigitte also \u00fcber Whatsapp mit mir Schluss gemacht. Sie hatte mir also ihren Entschluss mitgeteilt, dass sie alles beenden wolle. Und ich wusste, sie w\u00fcrde es auch tun. Gewiss traf es mich wie ein Blitz, doch es kam jedoch nicht ganz \u00fcberraschend. Doch auch wenn es nicht ganz \u00fcberraschend kam, so zog mir diese Nachricht den Boden unter den F\u00fcssen weg. Dass es einfach nur \u00fcber Whatsapp war, machte es noch unertr\u00e4glicher. 7 Jahre Ehe mit einer Whatsapp-Nachricht beendet. Kann es noch schlimmer kommen? Ja, das w\u00fcrde es. Doch alles der Reihe nach. Da stand ich nun. Die Liebe meines Lebens liebte mich nicht mehr. Die Liebe meines Lebens wird mich verlassen. Tausend Fragen schossen durch meinen Kopf. Die wichtigsten \u00fcberhaupt: &#8222;Was wird mit den Kindern?&#8220; und &#8222;Wie kann ich Brigitte zur\u00fcckgewinnen?&#8220; Ich hatte keine Ahnung wie es weitergehen sollte und keinen Plan was ich machen k\u00f6nnte. Panik breitete sich aus. Verzweifelt versuchte ich Brigitte noch umzustimmen und schrieb ihr eine Nachricht, dass ich sie nicht verlieren m\u00f6chte und bat um noch eine Chance. Doch ich wusste, wenn Brigitte sich bis etwas in den Kopf gesetzt hat, dann gibt es kein Zur\u00fcck mehr. Ich stand also da und wusste nicht weiter. Genauso wenig wusste ich an wen ich mich wenden k\u00f6nnte. Nicht dass ich niemanden h\u00e4tte den ich kontaktieren konnte, doch ich wusste ganz klar, dass sowohl meine Familie wie auch meine Freunde mir eher das sagen w\u00fcrden, was ich h\u00f6ren wollte und nicht unbedingt das was ich h\u00f6ren sollte. Und so suchte ich das Internet ab um Informationen zu finden und mir Ratschl\u00e4ge zu holen was ich tun k\u00f6nnte. Bei der Suche fand ich viele Informationen, jedoch nicht unbedingt die, die mir in meiner Situation weiterhalfen. Und so funktionierte ich die n\u00e4chsten Wochen irgendwie nur so ohne genau zu wissen was ich tun sollte und wohin der Weg mich, wohin er uns f\u00fchren sollte. Diesen Blog schreibe ich um anderen Menschen, die in der gleichen oder einer \u00e4hnlichen Situation sind wie ich um ihnen zur Seite zu stehen, Inspirationen zu geben oder einfach nur Tipps auszutauschen um uns gegenseitig zu unterst\u00fctzen. Es ist mein erster Blog, den ich noch zudem komplett in Eigenregie umsetze. Daher wirkt er noch sehr amateurhaft und wird sich mit der Zeit (hoffentlich) weiterentwickeln. In K\u00fcrze wird der Blog wachsen und ich werde erste Beitr\u00e4ge schreiben. Ich bitte euch um Geduld und w\u00fcrde mich freuen wenn ihr regelm\u00e4\u00dfig vorbeischauen w\u00fcrdet. Genauso w\u00fcrde ich mich freuen, wenn ihr eure Meinung, Tipps, Anregungen, Ideen oder sonst welche positiven Beitr\u00e4ge in die Kommentare schreiben w\u00fcrdet. Das setzt nat\u00fcrlich voraus, dass die Kommentarseite demn\u00e4chst vorhanden sein wird \ud83d\ude0a Liebe Gr\u00fc\u00dfe, euer Gerhard<\/p>\n","protected":false},"author":1,"featured_media":0,"parent":0,"menu_order":0,"comment_status":"closed","ping_status":"open","template":"","meta":{"footnotes":""},"class_list":["post-2","page","type-page","status-publish","hentry"],"_links":{"self":[{"href":"https:\/\/getrennt-verbunden.com\/index.php\/wp-json\/wp\/v2\/pages\/2","targetHints":{"allow":["GET"]}}],"collection":[{"href":"https:\/\/getrennt-verbunden.com\/index.php\/wp-json\/wp\/v2\/pages"}],"about":[{"href":"https:\/\/getrennt-verbunden.com\/index.php\/wp-json\/wp\/v2\/types\/page"}],"author":[{"embeddable":true,"href":"https:\/\/getrennt-verbunden.com\/index.php\/wp-json\/wp\/v2\/users\/1"}],"replies":[{"embeddable":true,"href":"https:\/\/getrennt-verbunden.com\/index.php\/wp-json\/wp\/v2\/comments?post=2"}],"version-history":[{"count":5,"href":"https:\/\/getrennt-verbunden.com\/index.php\/wp-json\/wp\/v2\/pages\/2\/revisions"}],"predecessor-version":[{"id":62,"href":"https:\/\/getrennt-verbunden.com\/index.php\/wp-json\/wp\/v2\/pages\/2\/revisions\/62"}],"wp:attachment":[{"href":"https:\/\/getrennt-verbunden.com\/index.php\/wp-json\/wp\/v2\/media?parent=2"}],"curies":[{"name":"wp","href":"https:\/\/api.w.org\/{rel}","templated":true}]}}